{"id":65,"date":"2025-01-16T17:00:34","date_gmt":"2025-01-16T16:00:34","guid":{"rendered":"https:\/\/staging.monacosanteservices.com\/?page_id=65"},"modified":"2026-01-15T17:54:52","modified_gmt":"2026-01-15T16:54:52","slug":"sortie-hospitalisation","status":"publish","type":"page","link":"https:\/\/www.monacosanteservices.com\/en\/sortie-hospitalisation\/","title":{"rendered":"Sortie d&rsquo;hospitalisation"},"content":{"rendered":"<p>[et_pb_section fb_built=\u00a0\u00bb1&Prime; _builder_version=\u00a0\u00bb4.27.4&Prime; _module_preset=\u00a0\u00bbdefault\u00a0\u00bb global_colors_info=\u00a0\u00bb{}\u00a0\u00bb][et_pb_row _builder_version=\u00a0\u00bb4.27.4&Prime; _module_preset=\u00a0\u00bbdefault\u00a0\u00bb global_colors_info=\u00a0\u00bb{}\u00a0\u00bb][et_pb_column type=\u00a0\u00bb4_4&Prime; _builder_version=\u00a0\u00bb4.27.4&Prime; _module_preset=\u00a0\u00bbdefault\u00a0\u00bb global_colors_info=\u00a0\u00bb{}\u00a0\u00bb][et_pb_heading title=\u00a0\u00bbConvalescence ou retour d&rsquo;hospitalisation\u00a0\u00bb _builder_version=\u00a0\u00bb4.27.4&Prime; _module_preset=\u00a0\u00bbdefault\u00a0\u00bb title_level=\u00a0\u00bbh3&Prime; title_font=\u00a0\u00bbAbhaya Libre||||||||\u00a0\u00bb title_text_align=\u00a0\u00bbcenter\u00a0\u00bb title_text_color=\u00a0\u00bb#C1121F\u00a0\u00bb title_font_size=\u00a0\u00bb50px\u00a0\u00bb global_colors_info=\u00a0\u00bb{}\u00a0\u00bb][\/et_pb_heading][\/et_pb_column][\/et_pb_row][et_pb_row _builder_version=\u00a0\u00bb4.27.4&Prime; _module_preset=\u00a0\u00bbdefault\u00a0\u00bb global_colors_info=\u00a0\u00bb{}\u00a0\u00bb][et_pb_column type=\u00a0\u00bb4_4&Prime; _builder_version=\u00a0\u00bb4.27.4&Prime; _module_preset=\u00a0\u00bbdefault\u00a0\u00bb global_colors_info=\u00a0\u00bb{}\u00a0\u00bb][et_pb_text _builder_version=\u00a0\u00bb4.27.4&Prime; _module_preset=\u00a0\u00bbdefault\u00a0\u00bb custom_margin=\u00a0\u00bb||0px||false|false\u00a0\u00bb custom_padding=\u00a0\u00bb||0px||false|false\u00a0\u00bb global_colors_info=\u00a0\u00bb{}\u00a0\u00bb]<\/p>\n<p style=\"text-align: center;\"><strong>Vous ou l\u2019un de vos proches avez besoin d\u2019aide suite \u00e0 une hospitalisation ou une incapacit\u00e9 temporaire ?<\/strong><\/p>\n<p style=\"text-align: left;\">Apr\u00e8s une hospitalisation, le retour \u00e0 domicile tant attendu peut tout de m\u00eame comporter quelques difficult\u00e9s pour la personne et son entourage aussi bien au plan humain qu\u2019au plan mat\u00e9riel.<br \/>Qu\u2019il s\u2019agisse d\u2019une simple compagnie, de l\u2019entretien de l\u2019appartement et du linge, d\u2019une aide aux d\u00e9placements, \u00e0 la toilette, de la fourniture d\u2019un lit m\u00e9dicalis\u00e9, d\u2019un si\u00e8ge de douche,\u00a0l\u2019\u00e9quipe de Monaco Sant\u00e9 Services est l\u00e0 pour apporter son aide en proposant toute une gamme d\u2019interventions.<br \/>La pr\u00e9paration du retour \u00e0 domicile peut se faire sur le lieu d\u2019hospitalisation ou de convalescence, en lien avec l\u2019\u00e9quipe m\u00e9dicale du centre de soins et si souhait\u00e9, avec la famille.<br \/>Un devis d\u00e9taill\u00e9 peut \u00eatre fourni lors de l\u2019hospitalisation. D\u00e8s son acceptation, la ou les intervenant(e)s seront pr\u00e9sent\u00e9(e)s au b\u00e9n\u00e9ficiaire. Les interventions pourront commencer d\u00e8s la sortie d\u2019hospitalisation.<\/p>\n<p>[\/et_pb_text][\/et_pb_column][\/et_pb_row][et_pb_row _builder_version=\u00a0\u00bb4.27.4&Prime; _module_preset=\u00a0\u00bbdefault\u00a0\u00bb global_colors_info=\u00a0\u00bb{}\u00a0\u00bb][et_pb_column type=\u00a0\u00bb4_4&Prime; _builder_version=\u00a0\u00bb4.27.4&Prime; _module_preset=\u00a0\u00bbdefault\u00a0\u00bb global_colors_info=\u00a0\u00bb{}\u00a0\u00bb][et_pb_divider _builder_version=\u00a0\u00bb4.27.4&Prime; _module_preset=\u00a0\u00bbdefault\u00a0\u00bb custom_margin=\u00a0\u00bb0px||||false|false\u00a0\u00bb custom_padding=\u00a0\u00bb0px||||false|false\u00a0\u00bb global_colors_info=\u00a0\u00bb{}\u00a0\u00bb][\/et_pb_divider][\/et_pb_column][\/et_pb_row][et_pb_row column_structure=\u00a0\u00bb1_2,1_2&Prime; _builder_version=\u00a0\u00bb4.27.4&Prime; _module_preset=\u00a0\u00bbdefault\u00a0\u00bb global_colors_info=\u00a0\u00bb{}\u00a0\u00bb][et_pb_column type=\u00a0\u00bb1_2&Prime; _builder_version=\u00a0\u00bb4.27.4&Prime; _module_preset=\u00a0\u00bbdefault\u00a0\u00bb global_colors_info=\u00a0\u00bb{}\u00a0\u00bb][et_pb_image src=\u00a0\u00bbhttps:\/\/www.monacosanteservices.com\/wp-content\/uploads\/2025\/02\/accompagnement-convalescence-nice-monaco.jpg\u00a0\u00bb alt=\u00a0\u00bbAccompagnement convalescence soins particuliers \u00e0 Monaco et sa r\u00e9gion.\u00a0\u00bb title_text=\u00a0\u00bbaccompagnement-convalescence-nice-monaco\u00a0\u00bb _builder_version=\u00a0\u00bb4.27.4&Prime; _module_preset=\u00a0\u00bbdefault\u00a0\u00bb global_colors_info=\u00a0\u00bb{}\u00a0\u00bb][\/et_pb_image][\/et_pb_column][et_pb_column type=\u00a0\u00bb1_2&Prime; _builder_version=\u00a0\u00bb4.27.4&Prime; _module_preset=\u00a0\u00bbdefault\u00a0\u00bb global_colors_info=\u00a0\u00bb{}\u00a0\u00bb][et_pb_heading title=\u00a0\u00bbEn quoi consiste l&rsquo;accompagnement ?\u00a0\u00bb _builder_version=\u00a0\u00bb4.27.4&Prime; _module_preset=\u00a0\u00bbdefault\u00a0\u00bb title_level=\u00a0\u00bbh3&Prime; title_font=\u00a0\u00bb&#8211;et_global_heading_font||||||||\u00a0\u00bb title_text_color=\u00a0\u00bb#C1121F\u00a0\u00bb global_colors_info=\u00a0\u00bb{}\u00a0\u00bb][\/et_pb_heading][et_pb_text _builder_version=\u00a0\u00bb4.27.4&Prime; _module_preset=\u00a0\u00bbdefault\u00a0\u00bb global_colors_info=\u00a0\u00bb{}\u00a0\u00bb]<\/p>\n<p>Avant l\u2019intervention, Monaco Sant\u00e9 Services prendra contact avec vous ou le b\u00e9n\u00e9ficiaire (si celui-ci n\u2019est pas le demandeur) sur le lieu d\u2019hospitalisation.<br \/>En coordination avec le m\u00e9decin et l\u2019\u00e9quipe m\u00e9dicale de l\u2019\u00e9tablissement hospitalier, Monaco Sant\u00e9 Services proposera un ensemble de prestations conformes \u00e0 la demande et aux besoins :<\/p>\n<p>&nbsp;<\/p>\n<ul>\n<li class=\"elementor-icon-list-item\"><span class=\"elementor-icon-list-text\"><b>Aide aux gestes du quotidien :<\/b> aide au lever, au coucher, \u00e0 la prise des repas\/des m\u00e9dicaments, \u00e0 la toilette, \u00e0 l&rsquo;habillage, au maquillage, \u00e0 la coiffure.<\/span><\/li>\n<li class=\"elementor-icon-list-item\"><span class=\"elementor-icon-list-text\"><b>Accompagnement \u00e0 la vie sociale, aux loisirs et aux rendez-vous <\/b><\/span><\/li>\n<li class=\"elementor-icon-list-item\"><span class=\"elementor-icon-list-icon\"> <\/span><span class=\"elementor-icon-list-text\"><b>Aide \u00e0 la mobilit\u00e9<\/b> (aides aux transferts, aux d\u00e9placements \u00e0 l\u2019int\u00e9rieur et \u00e0 l\u2019ext\u00e9rieur du domicile).<\/span><\/li>\n<li class=\"elementor-icon-list-item\"><span class=\"elementor-icon-list-icon\"> <\/span> <span class=\"elementor-icon-list-text\"><b>Aide administrative.<\/b><\/span><\/li>\n<li class=\"elementor-icon-list-item\"><span class=\"elementor-icon-list-icon\"> <\/span><span class=\"elementor-icon-list-text\"><b>Aide domestique pour la pr\u00e9paration des repas, le m\u00e9nage, le repassage et l\u2019entretien du linge.<\/b><\/span><\/li>\n<\/ul>\n<p>[\/et_pb_text][\/et_pb_column][\/et_pb_row][\/et_pb_section][et_pb_section fb_built=\u00a0\u00bb1&Prime; _builder_version=\u00a0\u00bb4.27.4&Prime; _module_preset=\u00a0\u00bbdefault\u00a0\u00bb background_color=\u00a0\u00bb#FFFFFF\u00a0\u00bb global_colors_info=\u00a0\u00bb{}\u00a0\u00bb][et_pb_row _builder_version=\u00a0\u00bb4.27.4&Prime; _module_preset=\u00a0\u00bbdefault\u00a0\u00bb global_colors_info=\u00a0\u00bb{}\u00a0\u00bb][et_pb_column type=\u00a0\u00bb4_4&Prime; _builder_version=\u00a0\u00bb4.27.4&Prime; _module_preset=\u00a0\u00bbdefault\u00a0\u00bb global_colors_info=\u00a0\u00bb{}\u00a0\u00bb][et_pb_text _builder_version=\u00a0\u00bb4.27.4&Prime; _module_preset=\u00a0\u00bbdefault\u00a0\u00bb global_colors_info=\u00a0\u00bb{}\u00a0\u00bb]<\/p>\n<p style=\"text-align: center;\">Un devis d\u00e9taill\u00e9 sera fourni tr\u00e8s rapidement, si possible lors m\u00eame de la visite. D\u00e8s son acceptation, la ou les intervenant(e)s seront pr\u00e9sent\u00e9(e)s au b\u00e9n\u00e9ficiaire. Les interventions pourront commencer d\u00e8s que le retour au domicile est pr\u00e9cis\u00e9.<\/p>\n<p>[\/et_pb_text][\/et_pb_column][\/et_pb_row][\/et_pb_section][et_pb_section fb_built=\u00a0\u00bb1&Prime; admin_label=\u00a0\u00bbContact Info\u00a0\u00bb _builder_version=\u00a0\u00bb4.27.4&Prime; _module_preset=\u00a0\u00bbdefault\u00a0\u00bb background_color=\u00a0\u00bb#E5E1D5&Prime; custom_padding=\u00a0\u00bb20px||||false|false\u00a0\u00bb collapsed=\u00a0\u00bbon\u00a0\u00bb global_colors_info=\u00a0\u00bb{}\u00a0\u00bb][et_pb_row column_structure=\u00a0\u00bb3_5,2_5&Prime; _builder_version=\u00a0\u00bb4.17.6&Prime; _module_preset=\u00a0\u00bb5138c454-be54-4233-bd3b-f8e6a8747976&Prime; global_colors_info=\u00a0\u00bb{}\u00a0\u00bb][et_pb_column type=\u00a0\u00bb3_5&Prime; _builder_version=\u00a0\u00bb4.16&Prime; _module_preset=\u00a0\u00bb73121f80-a3ef-4484-8763-c3f18e3c56d2&Prime; global_colors_info=\u00a0\u00bb{}\u00a0\u00bb][et_pb_heading title=\u00a0\u00bbPrenez contact avec nous\u00a0\u00bb _builder_version=\u00a0\u00bb4.27.4&Prime; _module_preset=\u00a0\u00bbc33f07d9-41e0-421a-8799-5799df695cce\u00a0\u00bb title_level=\u00a0\u00bbh3&Prime; title_font=\u00a0\u00bbAbhaya Libre|600|||||||\u00a0\u00bb title_text_align=\u00a0\u00bbcenter\u00a0\u00bb title_text_color=\u00a0\u00bb#B0A175&Prime; title_font_size=\u00a0\u00bb45px\u00a0\u00bb title_line_height=\u00a0\u00bb1.2em\u00a0\u00bb custom_margin=\u00a0\u00bb||10px||false|false\u00a0\u00bb title_font_size_tablet=\u00a0\u00bb28px\u00a0\u00bb title_font_size_phone=\u00a0\u00bb30px\u00a0\u00bb title_font_size_last_edited=\u00a0\u00bbon|phone\u00a0\u00bb locked=\u00a0\u00bboff\u00a0\u00bb global_colors_info=\u00a0\u00bb{}\u00a0\u00bb][\/et_pb_heading][et_pb_heading title=\u00a0\u00bbDiscutez de Vos Besoins en Aide \u00e0 Domicile\u00a0\u00bb _builder_version=\u00a0\u00bb4.27.4&Prime; _module_preset=\u00a0\u00bba3805066-8711-43c7-9f62-5782da0e9f7a\u00a0\u00bb title_level=\u00a0\u00bbh5&Prime; title_font=\u00a0\u00bbAbhaya Libre|Cormorant Garamond_weight|||||||\u00a0\u00bb title_text_align=\u00a0\u00bbcenter\u00a0\u00bb title_text_color=\u00a0\u00bb#B0A175&Prime; title_font_size=\u00a0\u00bb18px\u00a0\u00bb title_line_height=\u00a0\u00bb1.4em\u00a0\u00bb custom_margin=\u00a0\u00bb||10px||false|false\u00a0\u00bb title_font_size_tablet=\u00a0\u00bb15px\u00a0\u00bb title_font_size_phone=\u00a0\u00bb14px\u00a0\u00bb title_font_size_last_edited=\u00a0\u00bbon|phone\u00a0\u00bb locked=\u00a0\u00bboff\u00a0\u00bb global_colors_info=\u00a0\u00bb{}\u00a0\u00bb][\/et_pb_heading][\/et_pb_column][et_pb_column type=\u00a0\u00bb2_5&Prime; _builder_version=\u00a0\u00bb4.16&Prime; _module_preset=\u00a0\u00bb73121f80-a3ef-4484-8763-c3f18e3c56d2&Prime; global_colors_info=\u00a0\u00bb{}\u00a0\u00bb][et_pb_button button_url=\u00a0\u00bbhttps:\/\/www.monacosanteservices.com\/contact\/\u00a0\u00bb button_text=\u00a0\u00bbContactez-nous aujourd&rsquo;hui\u00a0\u00bb button_alignment=\u00a0\u00bbcenter\u00a0\u00bb _builder_version=\u00a0\u00bb4.27.4&Prime; _module_preset=\u00a0\u00bb1bffc0fc-42a0-49d1-bd9a-ae3ade2d7206&Prime; custom_button=\u00a0\u00bbon\u00a0\u00bb button_text_size=\u00a0\u00bb18px\u00a0\u00bb button_text_color=\u00a0\u00bb#FFFFFF\u00a0\u00bb button_bg_color=\u00a0\u00bb#C1121F\u00a0\u00bb button_border_width=\u00a0\u00bb0px\u00a0\u00bb button_border_radius=\u00a0\u00bb5px\u00a0\u00bb button_font=\u00a0\u00bbArial|700|||||||\u00a0\u00bb custom_margin=\u00a0\u00bb15px||40px||false|false\u00a0\u00bb custom_padding=\u00a0\u00bb12px|24px|12px|24px|true|true\u00a0\u00bb locked=\u00a0\u00bboff\u00a0\u00bb global_colors_info=\u00a0\u00bb{}\u00a0\u00bb custom_padding__hover_enabled=\u00a0\u00bboff|desktop\u00a0\u00bb custom_padding__hover=\u00a0\u00bb|28px||20px|true|false\u00a0\u00bb][\/et_pb_button][\/et_pb_column][\/et_pb_row][et_pb_row column_structure=\u00a0\u00bb1_3,1_3,1_3&Prime; make_equal=\u00a0\u00bbon\u00a0\u00bb _builder_version=\u00a0\u00bb4.27.4&Prime; _module_preset=\u00a0\u00bbdefault\u00a0\u00bb custom_padding=\u00a0\u00bb||0px||false|false\u00a0\u00bb global_colors_info=\u00a0\u00bb{}\u00a0\u00bb][et_pb_column type=\u00a0\u00bb1_3&Prime; _builder_version=\u00a0\u00bb4.25.1&Prime; _module_preset=\u00a0\u00bbdefault\u00a0\u00bb global_colors_info=\u00a0\u00bb{}\u00a0\u00bb][et_pb_blurb title=\u00a0\u00bbT\u00e9l\u00e9phone\u00a0\u00bb image_icon_background_color=\u00a0\u00bbRGBA(255,255,255,0)\u00a0\u00bb image=\u00a0\u00bbhttps:\/\/www.monacosanteservices.com\/wp-content\/uploads\/2025\/03\/telephone-icone-monaco-sante-services.png\u00a0\u00bb alt=\u00a0\u00bbIcone t\u00e9l\u00e9phone Monaco Sante Services Aide \u00e0 domicile\u00a0\u00bb image_icon_width=\u00a0\u00bb80%\u00a0\u00bb content_max_width=\u00a0\u00bb100%\u00a0\u00bb module_class=\u00a0\u00bbai_ignore_all\u00a0\u00bb _builder_version=\u00a0\u00bb4.27.4&Prime; _module_preset=\u00a0\u00bb203c76fc-aee0-4484-9be1-f0e2ebd81a8f\u00a0\u00bb header_font=\u00a0\u00bbAbhaya Libre|800|||||||\u00a0\u00bb header_text_align=\u00a0\u00bbcenter\u00a0\u00bb header_text_color=\u00a0\u00bb#B0A175&Prime; header_font_size=\u00a0\u00bb25px\u00a0\u00bb header_line_height=\u00a0\u00bb1.4em\u00a0\u00bb body_font=\u00a0\u00bbArial|600|||||||\u00a0\u00bb body_text_align=\u00a0\u00bbcenter\u00a0\u00bb body_text_color=\u00a0\u00bb#191919&Prime; body_font_size=\u00a0\u00bb25px\u00a0\u00bb body_line_height=\u00a0\u00bb1.75em\u00a0\u00bb body_link_text_color=\u00a0\u00bb#22577a\u00a0\u00bb background_color=\u00a0\u00bbRGBA(255,255,255,0)\u00a0\u00bb image_icon_custom_margin=\u00a0\u00bb||||false|false\u00a0\u00bb image_icon_custom_padding=\u00a0\u00bb||||false|false\u00a0\u00bb text_orientation=\u00a0\u00bbcenter\u00a0\u00bb custom_padding=\u00a0\u00bb||1px|||\u00a0\u00bb animation=\u00a0\u00bboff\u00a0\u00bb header_font_size_tablet=\u00a0\u00bb15px\u00a0\u00bb header_font_size_phone=\u00a0\u00bb25px\u00a0\u00bb header_font_size_last_edited=\u00a0\u00bbon|phone\u00a0\u00bb body_font_size_tablet=\u00a0\u00bb15px\u00a0\u00bb body_font_size_phone=\u00a0\u00bb14px\u00a0\u00bb body_font_size_last_edited=\u00a0\u00bbon|desktop\u00a0\u00bb border_color_all_image=\u00a0\u00bb#191919&Prime; global_colors_info=\u00a0\u00bb{}\u00a0\u00bb]<\/p>\n<p style=\"text-align: center;\"><span aria-label=\"Appeler le +377 97 98 22 50\">+377 97 98 22 50<\/span><\/p>\n<p>[\/et_pb_blurb][\/et_pb_column][et_pb_column type=\u00a0\u00bb1_3&Prime; _builder_version=\u00a0\u00bb4.25.1&Prime; _module_preset=\u00a0\u00bbdefault\u00a0\u00bb global_colors_info=\u00a0\u00bb{}\u00a0\u00bb][et_pb_blurb title=\u00a0\u00bbEmail\u00a0\u00bb image=\u00a0\u00bbhttps:\/\/www.monacosanteservices.com\/wp-content\/uploads\/2025\/03\/email-icone-monaco-sante-services.png\u00a0\u00bb alt=\u00a0\u00bbIcone contact email Monaco Sante Services Aide \u00e0 domicile\u00a0\u00bb image_icon_width=\u00a0\u00bb80%\u00a0\u00bb content_max_width=\u00a0\u00bb100%\u00a0\u00bb module_class=\u00a0\u00bbai_ignore_all\u00a0\u00bb _builder_version=\u00a0\u00bb4.27.5&Prime; _module_preset=\u00a0\u00bb203c76fc-aee0-4484-9be1-f0e2ebd81a8f\u00a0\u00bb header_font=\u00a0\u00bbAbhaya Libre|800|||||||\u00a0\u00bb header_text_color=\u00a0\u00bb#B0A175&Prime; header_font_size=\u00a0\u00bb25px\u00a0\u00bb header_line_height=\u00a0\u00bb1.4em\u00a0\u00bb body_font=\u00a0\u00bbArial|Proza Libre_weight|||||||\u00a0\u00bb body_text_color=\u00a0\u00bb#191919&Prime; body_font_size=\u00a0\u00bb16px\u00a0\u00bb body_line_height=\u00a0\u00bb1.75em\u00a0\u00bb body_link_text_color=\u00a0\u00bb#22577a\u00a0\u00bb image_icon_custom_margin=\u00a0\u00bb||||false|false\u00a0\u00bb image_icon_custom_padding=\u00a0\u00bb||||false|false\u00a0\u00bb text_orientation=\u00a0\u00bbcenter\u00a0\u00bb background_layout=\u00a0\u00bbdark\u00a0\u00bb animation=\u00a0\u00bboff\u00a0\u00bb hover_enabled=\u00a0\u00bb0&Prime; header_font_size_tablet=\u00a0\u00bb15px\u00a0\u00bb header_font_size_phone=\u00a0\u00bb25px\u00a0\u00bb header_font_size_last_edited=\u00a0\u00bbon|phone\u00a0\u00bb body_font_size_tablet=\u00a0\u00bb15px\u00a0\u00bb body_font_size_phone=\u00a0\u00bb14px\u00a0\u00bb body_font_size_last_edited=\u00a0\u00bbon|desktop\u00a0\u00bb locked=\u00a0\u00bboff\u00a0\u00bb global_colors_info=\u00a0\u00bb{}\u00a0\u00bb sticky_enabled=\u00a0\u00bb0&Prime;]<\/p>\n<p><span class=\"gI\"><span translate=\"no\" class=\"qu\" role=\"gridcell\" tabindex=\"-1\"><span class=\"go\"><span aria-hidden=\"true\"><\/span>secretariat@monacosanteservices.mc<span aria-hidden=\"true\"><\/span><\/span><\/span><\/span><\/p>\n<p>[\/et_pb_blurb][\/et_pb_column][et_pb_column type=\u00a0\u00bb1_3&Prime; _builder_version=\u00a0\u00bb4.25.1&Prime; _module_preset=\u00a0\u00bbdefault\u00a0\u00bb global_colors_info=\u00a0\u00bb{}\u00a0\u00bb][et_pb_blurb title=\u00a0\u00bbAdresse\u00a0\u00bb image_icon_background_color=\u00a0\u00bbRGBA(255,255,255,0)\u00a0\u00bb image=\u00a0\u00bbhttps:\/\/www.monacosanteservices.com\/wp-content\/uploads\/2025\/03\/adresse-localisation-icone-monaco-sante-services.png\u00a0\u00bb alt=\u00a0\u00bbIcone localisation adresse Monaco Sante Services Aide \u00e0 domicile\u00a0\u00bb image_icon_width=\u00a0\u00bb100px\u00a0\u00bb content_max_width=\u00a0\u00bb100%\u00a0\u00bb module_class=\u00a0\u00bbai_ignore_all\u00a0\u00bb _builder_version=\u00a0\u00bb4.27.4&Prime; _module_preset=\u00a0\u00bb212b201d-2c34-41bd-936c-851b7357d08b\u00a0\u00bb header_font=\u00a0\u00bbAbhaya Libre|800|||||||\u00a0\u00bb header_text_align=\u00a0\u00bbcenter\u00a0\u00bb header_text_color=\u00a0\u00bb#B0A175&Prime; header_font_size=\u00a0\u00bb25px\u00a0\u00bb header_line_height=\u00a0\u00bb1.4em\u00a0\u00bb body_font=\u00a0\u00bbArial|Proza Libre_weight|||||||\u00a0\u00bb body_text_align=\u00a0\u00bbcenter\u00a0\u00bb body_text_color=\u00a0\u00bb#191919&Prime; body_font_size=\u00a0\u00bb16px\u00a0\u00bb body_line_height=\u00a0\u00bb1.75em\u00a0\u00bb body_link_text_color=\u00a0\u00bb#22577a\u00a0\u00bb background_mask_style=\u00a0\u00bbcorner-square\u00a0\u00bb image_icon_custom_margin=\u00a0\u00bb||||false|false\u00a0\u00bb image_icon_custom_padding=\u00a0\u00bb||||false|false\u00a0\u00bb text_orientation=\u00a0\u00bbcenter\u00a0\u00bb animation=\u00a0\u00bboff\u00a0\u00bb header_font_size_tablet=\u00a0\u00bb15px\u00a0\u00bb header_font_size_phone=\u00a0\u00bb25px\u00a0\u00bb header_font_size_last_edited=\u00a0\u00bbon|phone\u00a0\u00bb body_font_size_tablet=\u00a0\u00bb15px\u00a0\u00bb body_font_size_phone=\u00a0\u00bb14px\u00a0\u00bb body_font_size_last_edited=\u00a0\u00bbon|desktop\u00a0\u00bb locked=\u00a0\u00bboff\u00a0\u00bb global_colors_info=\u00a0\u00bb{}\u00a0\u00bb]<\/p>\n<p>1 Boulevard du Jardin Exotique,<br \/>98000 MONACO<\/p>\n<p>[\/et_pb_blurb][\/et_pb_column][\/et_pb_row][\/et_pb_section]<\/p>\n","protected":false},"excerpt":{"rendered":"<p>Vous ou l\u2019un de vos proches avez besoin d\u2019aide suite \u00e0 une hospitalisation ou une incapacit\u00e9 temporaire ? Apr\u00e8s une hospitalisation, le retour \u00e0 domicile tant attendu peut tout de m\u00eame comporter quelques difficult\u00e9s pour la personne et son entourage aussi bien au plan humain qu\u2019au plan mat\u00e9riel.Qu\u2019il s\u2019agisse d\u2019une simple compagnie, de l\u2019entretien de [&hellip;]<\/p>\n","protected":false},"author":1,"featured_media":0,"parent":0,"menu_order":0,"comment_status":"closed","ping_status":"closed","template":"","meta":{"_et_pb_use_builder":"on","_et_pb_old_content":"<!-- wp:paragraph -->\n<p>Texte.<\/p>\n<!-- \/wp:paragraph -->","_et_gb_content_width":"","footnotes":""},"class_list":["post-65","page","type-page","status-publish","hentry"],"_links":{"self":[{"href":"https:\/\/www.monacosanteservices.com\/en\/wp-json\/wp\/v2\/pages\/65","targetHints":{"allow":["GET"]}}],"collection":[{"href":"https:\/\/www.monacosanteservices.com\/en\/wp-json\/wp\/v2\/pages"}],"about":[{"href":"https:\/\/www.monacosanteservices.com\/en\/wp-json\/wp\/v2\/types\/page"}],"author":[{"embeddable":true,"href":"https:\/\/www.monacosanteservices.com\/en\/wp-json\/wp\/v2\/users\/1"}],"replies":[{"embeddable":true,"href":"https:\/\/www.monacosanteservices.com\/en\/wp-json\/wp\/v2\/comments?post=65"}],"version-history":[{"count":12,"href":"https:\/\/www.monacosanteservices.com\/en\/wp-json\/wp\/v2\/pages\/65\/revisions"}],"predecessor-version":[{"id":1099,"href":"https:\/\/www.monacosanteservices.com\/en\/wp-json\/wp\/v2\/pages\/65\/revisions\/1099"}],"wp:attachment":[{"href":"https:\/\/www.monacosanteservices.com\/en\/wp-json\/wp\/v2\/media?parent=65"}],"curies":[{"name":"wp","href":"https:\/\/api.w.org\/{rel}","templated":true}]}}